{"id":1531,"date":"2022-06-17T12:22:38","date_gmt":"2022-06-17T12:22:38","guid":{"rendered":"https:\/\/novara.ee\/politica-de-privacidad\/"},"modified":"2022-12-09T13:33:16","modified_gmt":"2022-12-09T13:33:16","slug":"politica-de-privacidad","status":"publish","type":"page","link":"https:\/\/novara.ee\/es\/politica-de-privacidad\/","title":{"rendered":"Pol\u00edtica de privacidad"},"content":{"rendered":"\t\t<div data-elementor-type=\"wp-page\" data-elementor-id=\"1531\" class=\"elementor elementor-1531 elementor-3\" data-elementor-post-type=\"page\">\n\t\t\t\t\t\t<section class=\"elementor-section elementor-top-section elementor-element elementor-element-39375c78 elementor-section-boxed elementor-section-height-default elementor-section-height-default\" data-id=\"39375c78\" data-element_type=\"section\" data-e-type=\"section\">\n\t\t\t\t\t\t<div class=\"elementor-container elementor-column-gap-default\">\n\t\t\t\t\t<div class=\"elementor-column elementor-col-100 elementor-top-column elementor-element elementor-element-756d715\" data-id=\"756d715\" data-element_type=\"column\" data-e-type=\"column\">\n\t\t\t<div class=\"elementor-widget-wrap elementor-element-populated\">\n\t\t\t\t\t\t<div class=\"elementor-element elementor-element-5a3c6d9 elementor-invisible elementor-widget elementor-widget-heading\" data-id=\"5a3c6d9\" data-element_type=\"widget\" data-e-type=\"widget\" data-settings=\"{&quot;_animation&quot;:&quot;fadeInUp&quot;}\" data-widget_type=\"heading.default\">\n\t\t\t\t<div class=\"elementor-widget-container\">\n\t\t\t\t\t<h1 class=\"elementor-heading-title elementor-size-default\">Pol\u00edtica de privacidad<\/h1>\t\t\t\t<\/div>\n\t\t\t\t<\/div>\n\t\t\t\t<div class=\"elementor-element elementor-element-33db1c03 animated-slow elementor-invisible elementor-widget elementor-widget-text-editor\" data-id=\"33db1c03\" data-element_type=\"widget\" data-e-type=\"widget\" data-settings=\"{&quot;_animation&quot;:&quot;fadeIn&quot;}\" data-widget_type=\"text-editor.default\">\n\t\t\t\t<div class=\"elementor-widget-container\">\n\t\t\t\t\t\t\t\t\t\n<p>Es importante para Novara LLC que respetemos su privacidad y cumplamos todas las leyes y normativas aplicables en relaci\u00f3n con cualquier informaci\u00f3n personal que podamos recopilar sobre usted cuando visite nuestro sitio web en <a href=\"https:\/\/www.luxhut.eu\">www.luxhut.eu.<\/a> Al utilizar nuestro sitio web, usted acepta que recopilemos y utilicemos su informaci\u00f3n de acuerdo con esta Pol\u00edtica de privacidad.<\/p>\n<p>Con esta Pol\u00edtica de Privacidad queremos explicarle qu\u00e9 datos recogemos, c\u00f3mo los utilizamos y cu\u00e1les son sus derechos para proteger sus datos. La pol\u00edtica se aplica \u00fanicamente a nuestro sitio web y a sus visitantes y no se aplica a los datos recogidos a trav\u00e9s de otros canales.<\/p>\n<p>El responsable del tratamiento de sus datos es Novara O\u00dc<\/p>\n<p>reg. empresa n\u00famero: 10975056<\/p>\n<p>Correo electr\u00f3nico: luxhut@gmail.com<\/p>\n<p>n\u00famero de tel\u00e9fono: 4594648<\/p>\n<p>Recopilamos y procesamos informaci\u00f3n de conformidad con el Reglamento General de Protecci\u00f3n de Datos (RGPD) de la UE, que entr\u00f3 en vigor el 25.05.2018.<\/p>\n<h3>Recogida y utilizaci\u00f3n de datos<\/h3>\n<h4>Qu\u00e9 datos recogemos<\/h4>\n<p>La informaci\u00f3n que recopilamos incluye la informaci\u00f3n que usted nos proporciona consciente y activamente al utilizar o participar en nuestros servicios o promociones, as\u00ed como cualquier informaci\u00f3n que sus dispositivos nos env\u00eden al acceder a nuestros productos y servicios.<\/p>\n<p>La informaci\u00f3n que recopilamos incluye informaci\u00f3n que usted ha compartido conscientemente con nosotros al utilizar nuestros servicios o promociones, e informaci\u00f3n que sus dispositivos nos transmiten autom\u00e1ticamente.<\/p>\n<p>Sus datos personales pueden llegarnos de las siguientes formas:<\/p>\n<ul>\n<li>Cuando se ponga en contacto con nosotros por tel\u00e9fono, correo electr\u00f3nico o chat en l\u00ednea.<\/li>\n<li>Si navega por <a href=\"https:\/\/www.luxhut.eu\">www.luxhut.eu<\/a><\/li>\n<li>Si comentas, te gusta o compartes cualquiera de nuestras publicaciones en nuestra cuenta de redes sociales.<\/li>\n<li>Al suscribirse a nuestro bolet\u00edn<\/li>\n<li>Si comenta entradas de nuestro sitio web.<\/li>\n<\/ul>\n<h4>Tipos de datos que deben recogerse<\/h4>\n<h4>Datos personales<\/h4>\n<p>S\u00f3lo le pediremos informaci\u00f3n personal si es necesaria para prestarle el servicio. Al ponerse en contacto con nosotros o visitar nuestro sitio web, puede compartir con nosotros la siguiente informaci\u00f3n:<\/p>\n<ul>\n<li>Nombre y apellidos<\/li>\n<li>Correo electr\u00f3nico<\/li>\n<li>N\u00famero de tel\u00e9fono<\/li>\n<li>Historial de conversaciones entre usted y nosotros<\/li>\n<li>Informaci\u00f3n sobre su navegador y direcci\u00f3n IP<\/li>\n<\/ul>\n<h4>Archivos de registro<\/h4>\n<p>Nuestro sitio web <a href=\"https:\/\/www.luxhut.eu\">www.luxhut.eu<\/a> almacena archivos de registro sobre sus visitantes. La informaci\u00f3n recopilada puede incluir:<\/p>\n<ul>\n<li>Tipo de dispositivo utilizado<\/li>\n<li>Direcci\u00f3n del Protocolo de Internet (IP)<\/li>\n<li>tipo de navegador<\/li>\n<li>Proveedor de servicios de Internet (ISP)<\/li>\n<li>Fecha y hora de su visita al sitio web<\/li>\n<li>N\u00famero de clics en la p\u00e1gina de entrada y salida del sitio web<\/li>\n<\/ul>\n<p>La informaci\u00f3n contenida en los archivos de registro se utiliza para analizar tendencias, administrar el sitio web, supervisar las actividades de los visitantes del sitio y recopilar informaci\u00f3n demogr\u00e1fica. La informaci\u00f3n obtenida no pretende ni permite la identificaci\u00f3n de una persona.<\/p>\n<h4>Cookies<\/h4>\n<p>Como la mayor\u00eda de los sitios web, <a href=\"https:\/\/www.luxhut.eu\">www.luxhut.eu<\/a> utiliza \u00abcookies\u00bb. Una cookie es esencialmente un archivo de texto que se almacena en el dispositivo del usuario cuando visita un sitio web. Las cookies se utilizan para establecer y almacenar preferencias, ajustes regionales, opciones de uso de servicios, etc.<\/p>\n<p>Si lo desea, puede desactivar el uso de cookies en la configuraci\u00f3n de su navegador, pero en este caso el servicio que recibe puede verse alterado.<\/p>\n<p>Las cookies se dividen en permanentes y de sesi\u00f3n. Las cookies persistentes permanecen en su PC o dispositivo m\u00f3vil incluso despu\u00e9s de cerrar el navegador o el ordenador. Sin embargo, las cookies de sesi\u00f3n se eliminan inmediatamente despu\u00e9s de cerrar el navegador.<\/p>\n<p>Las cookies se dividen seg\u00fan su finalidad:<\/p>\n<p><b>Se necesitan cookies.<\/b>  Cookies de sesi\u00f3n, cuya finalidad es permitirle utilizar los servicios ofrecidos en nuestro sitio web. Estas cookies ayudan a autenticar a los usuarios y evitan el uso malintencionado de las cuentas de usuario. Sin estas cookies, no podemos prestarle los servicios que ha solicitado.<\/p>\n<p><b>Cookies de notificaci\u00f3n.<\/b>  Estas cookies identifican si los usuarios han aceptado el uso de cookies en el sitio web.<\/p>\n<p><b>Cookies de funcionalidad.<\/b>  Estas cookies permiten a su navegador recordar las elecciones que hace cuando utiliza un sitio web, como almacenar sus datos de acceso o sus preferencias de idioma. La finalidad de estas cookies es ofrecerle una experiencia m\u00e1s personalizada y evitar que tenga que volver a introducir sus preferencias.<\/p>\n<h4>C\u00f3mo utilizamos los datos<\/h4>\n<p>Podemos utilizar la informaci\u00f3n recopilada para diversos fines, entre ellos:<\/p>\n<ul>\n<li>Para mantener, gestionar, desarrollar, personalizar y ampliar nuestro sitio web.<\/li>\n<li>Recopilar estad\u00edsticas que nos permitan ofrecer mejores servicios y ofertas y comprender y analizar el comportamiento de los visitantes de nuestro sitio web.<\/li>\n<li>Identificarle por tel\u00e9fono, mensaje de texto o correo electr\u00f3nico.<\/li>\n<li>enviarle informaci\u00f3n y pedirle su opini\u00f3n sobre nuestros servicios.<\/li>\n<li>Para prevenir el fraude y proteger nuestro sitio web<\/li>\n<li>Para permitirnos estar en contacto con usted a trav\u00e9s de su cuenta en las redes sociales.<\/li>\n<li>Permitir la lectura del historial de chat para agilizar la prestaci\u00f3n del asesoramiento pertinente.<\/li>\n<li>Con el objetivo de mejorar la calidad de nuestro servicio y ofrecer soluciones de navegaci\u00f3n m\u00e1s eficaces.<\/li>\n<li>Para desarrollar nuevos productos, servicios o mejorar su funcionalidad.<\/li>\n<li>Para simplificar y agilizar las interacciones entre nosotros, cuando se ponga en contacto con nosotros.<\/li>\n<li>Para otros fines. Por ejemplo, para analizar datos, estudiar tendencias o evaluar la eficacia de nuestras campa\u00f1as publicitarias.<\/li>\n<\/ul>\n<h4>En qu\u00e9 casos podemos compartir sus datos con.<\/h4>\n<ul>\n<li>Podemos compartir o transferir su informaci\u00f3n personal en relaci\u00f3n con un cambio de propiedad, fusi\u00f3n, venta de activos, financiaci\u00f3n o adquisici\u00f3n de nuestro negocio. Le notificaremos cu\u00e1ndo se transfieren sus datos personales y cu\u00e1ndo quedan sujetos a las disposiciones de otra pol\u00edtica de privacidad.<\/li>\n<li>Podemos compartir su informaci\u00f3n con nuestras empresas asociadas exigi\u00e9ndoles que cumplan esta Pol\u00edtica de Privacidad. Entre las empresas asociadas se incluyen nuestras empresas matrices, filiales, empresas conjuntas o empresas de nuestra propiedad.<\/li>\n<li>Podemos compartir su informaci\u00f3n con nuestros socios comerciales para ofrecerle determinados productos, servicios o promociones.<\/li>\n<li>Podemos revelar su informaci\u00f3n personal para cualquier otro fin con su consentimiento.<\/li>\n<li>Estamos obligados a revelar sus datos personales si as\u00ed nos lo exige la ley. Tambi\u00e9n podemos revelar su informaci\u00f3n de buena fe para cumplir con una obligaci\u00f3n legal, para proteger nuestros derechos o propiedad, para prevenir o detectar posibles infracciones de la ley relacionadas con su uso de nuestro servicio, y para garantizar la seguridad de los usuarios de nuestro servicio.<\/li>\n<\/ul>\n<h4>Almacenamiento de sus datos personales<\/h4>\n<p>La Empresa conservar\u00e1 sus datos personales s\u00f3lo durante el tiempo que sea necesario para los fines establecidos en la presente Pol\u00edtica de Privacidad. Conservaremos y utilizaremos su informaci\u00f3n personal en la medida necesaria para cumplir con nuestras obligaciones legales (por ejemplo, cuando necesitemos conservar su informaci\u00f3n para cumplir con la legislaci\u00f3n aplicable), para resolver disputas y para hacer cumplir nuestros acuerdos legales y pol\u00edticas.<\/p>\n<p>La empresa tambi\u00e9n guarda archivos de registro para an\u00e1lisis internos. Por lo general, los archivos de registro se conservan durante un periodo de tiempo m\u00e1s corto, a menos que los datos se utilicen para aumentar la seguridad o mejorar la funcionalidad de nuestro servicio, o que la ley nos obligue a conservar los datos durante un periodo de tiempo m\u00e1s largo.<\/p>\n<h4>Tratamiento de datos de menores<\/h4>\n<p>Ninguno de nuestros productos o servicios est\u00e1 dirigido a ni\u00f1os menores de 13 a\u00f1os, y no recopilamos conscientemente informaci\u00f3n de ni\u00f1os menores de 13 a\u00f1os. En caso de que sospechemos que estamos tratando informaci\u00f3n sobre una persona menor de 13 a\u00f1os, la eliminaremos de todas nuestras bases de datos.<\/p>\n<h4>Sus derechos para proteger sus datos<\/h4>\n<p>Siempre tiene derecho a no compartir su informaci\u00f3n con nosotros, sabiendo que puede afectar a su experiencia en nuestro sitio web. Si decide no compartir su informaci\u00f3n con nosotros, no le daremos un trato menos favorable. Cuando usted nos proporciona informaci\u00f3n personal, entiende que la recogeremos, almacenaremos, utilizaremos y divulgaremos de acuerdo con esta Pol\u00edtica de Privacidad. Tiene derecho a solicitar informaci\u00f3n detallada sobre los datos que recopilamos sobre usted.<\/p>\n<p>Cuando recibamos informaci\u00f3n personal sobre usted de un tercero, la protegeremos de acuerdo con esta Pol\u00edtica de Privacidad y la legislaci\u00f3n de la Rep\u00fablica de Estonia. Si usted mismo comparte datos de terceros, confirma que tiene derecho y permiso para hacerlo.<\/p>\n<p>Aunque haya consentido previamente que compartamos su informaci\u00f3n personal con fines de marketing, conserva el derecho a cambiar de opini\u00f3n en cualquier momento. Usted siempre tiene derecho a optar por no comunicarse con nosotros y solicitar que eliminemos sus datos de nuestras bases de datos. De vez en cuando, tambi\u00e9n podemos pedirle informaci\u00f3n sobre usted para confirmar su identidad. Si cree que alguna informaci\u00f3n que hemos recopilado sobre usted es inexacta, est\u00e1 desfasada, es incompleta, irrelevante o enga\u00f1osa, p\u00f3ngase en contacto con nosotros por correo electr\u00f3nico: luxhut@gmail.com o por tel\u00e9fono: 4594648. Haremos todo lo posible por corregir la informaci\u00f3n inexacta, incompleta, enga\u00f1osa o anticuada.<\/p>\n<p>Si cree que hemos infringido la ley de protecci\u00f3n de datos pertinente y desea presentar una reclamaci\u00f3n, p\u00f3ngase en contacto con nosotros utilizando los datos de contacto que figuran en este documento y facil\u00edtenos todos los detalles de la infracci\u00f3n. Investigaremos su queja sin demora y le responderemos por escrito, exponiendo los resultados de nuestra investigaci\u00f3n y las medidas que tomaremos para resolverla. Tambi\u00e9n tiene derecho a ponerse en contacto con un organismo regulador o una autoridad de protecci\u00f3n de datos.<\/p>\n<h4>Derechos de protecci\u00f3n de datos en virtud del GDPR<\/h4>\n<p>Queremos asegurarnos de que conoce todos sus derechos en materia de protecci\u00f3n de datos. Cada usuario del sitio tiene derecho a las siguientes condiciones:<\/p>\n<ul>\n<li>Derecho de acceso: tiene derecho a solicitar copias de sus datos personales.<\/li>\n<li>Derecho de rectificaci\u00f3n: tiene derecho a pedirnos que rectifiquemos los datos que considere inexactos. Tambi\u00e9n tiene derecho a pedirnos que completemos la informaci\u00f3n que considere incompleta.<\/li>\n<li>Derecho de supresi\u00f3n: en determinadas condiciones, tiene derecho a solicitar la supresi\u00f3n de sus datos personales.<\/li>\n<li>Derecho a la restricci\u00f3n del tratamiento &#8211; En determinadas condiciones, tiene derecho a solicitar la restricci\u00f3n del uso de sus datos personales.<\/li>\n<li>Derecho a oponerse al uso de sus datos personales &#8211; En determinadas condiciones, tiene derecho a oponerse al uso de sus datos personales.<\/li>\n<li>Derecho a la portabilidad de los datos &#8211; En determinadas condiciones, tiene derecho a solicitar que transfiramos los datos que recopilamos a un tercero o directamente a usted.<\/li>\n<\/ul>\n<h4>Seguridad de sus datos<\/h4>\n<p>La seguridad de su informaci\u00f3n personal es importante para nosotros, pero recuerde que ning\u00fan m\u00e9todo de intercambio de informaci\u00f3n a trav\u00e9s de Internet o m\u00e9todo de almacenamiento electr\u00f3nico es 100% seguro. Aunque hacemos todo lo posible por proteger sus datos, no podemos garantizar su total seguridad.<\/p>\n<p>Novara O\u00dc tomar\u00e1 todas las medidas razonablemente necesarias para garantizar que sus datos se procesan de forma segura y de acuerdo con esta Pol\u00edtica de Privacidad y la legislaci\u00f3n de la Rep\u00fablica de Estonia. Sus datos no se transferir\u00e1n a ninguna organizaci\u00f3n o pa\u00eds a menos que haya una buena raz\u00f3n y sus datos est\u00e9n seguros.<\/p>\n<h4>Enlaces a otros sitios web<\/h4>\n<p>En nuestro sitio web puede encontrar enlaces a otros sitios web que no son de nuestra propiedad. Cuando haga clic en un enlace de terceros, se le redirigir\u00e1 a ese sitio de terceros. Le recomendamos encarecidamente que lea la pol\u00edtica de privacidad de cada sitio que visite.<\/p>\n<p>No tenemos ning\u00fan control sobre los sitios de terceros y no aceptamos ninguna responsabilidad por su contenido, pol\u00edticas de privacidad, los servicios que prestan o de otro tipo.<\/p>\n<h4>Actualizaciones de la pol\u00edtica de privacidad<\/h4>\n<p>Nos reservamos el derecho a realizar cambios en este documento de pol\u00edtica de privacidad seg\u00fan sea necesario. Cuando se actualice la Pol\u00edtica de Privacidad, cambiaremos la fecha de actualizaci\u00f3n en la parte inferior del documento. Si sigue visitando y utilizando nuestro sitio web despu\u00e9s de que hayamos actualizado nuestra Pol\u00edtica de Privacidad, consideraremos que acepta impl\u00edcitamente los cambios.<\/p>\n<p>\u00daltima modificaci\u00f3n 07\/07\/2022<\/p>\n\t\t\t\t\t\t\t\t<\/div>\n\t\t\t\t<\/div>\n\t\t\t\t\t<\/div>\n\t\t<\/div>\n\t\t\t\t\t<\/div>\n\t\t<\/section>\n\t\t\t\t<\/div>\n\t\t","protected":false},"excerpt":{"rendered":"<p>Pol\u00edtica de privacidad Es importante para Novara LLC que respetemos su privacidad y cumplamos todas las leyes y normativas aplicables en relaci\u00f3n con cualquier informaci\u00f3n personal que podamos recopilar sobre usted cuando visite nuestro sitio web en www.luxhut.eu. Al utilizar nuestro sitio web, usted acepta que recopilemos y utilicemos su informaci\u00f3n de acuerdo con esta [&hellip;]<\/p>\n","protected":false},"author":1,"featured_media":0,"parent":0,"menu_order":0,"comment_status":"closed","ping_status":"open","template":"elementor_header_footer","meta":{"footnotes":""},"class_list":["post-1531","page","type-page","status-publish","hentry"],"yoast_head":"<!-- This site is optimized with the Yoast SEO plugin v27.4 - https:\/\/yoast.com\/product\/yoast-seo-wordpress\/ -->\n<title>Pol\u00edtica de privacidad - Novara<\/title>\n<meta name=\"robots\" content=\"index, follow, max-snippet:-1, max-image-preview:large, max-video-preview:-1\" \/>\n<link rel=\"canonical\" href=\"https:\/\/novara.ee\/es\/politica-de-privacidad\/\" \/>\n<meta property=\"og:locale\" content=\"es_ES\" \/>\n<meta property=\"og:type\" content=\"article\" \/>\n<meta property=\"og:title\" content=\"Pol\u00edtica de privacidad - Novara\" \/>\n<meta property=\"og:description\" content=\"Pol\u00edtica de privacidad Es importante para Novara LLC que respetemos su privacidad y cumplamos todas las leyes y normativas aplicables en relaci\u00f3n con cualquier informaci\u00f3n personal que podamos recopilar sobre usted cuando visite nuestro sitio web en www.luxhut.eu. Al utilizar nuestro sitio web, usted acepta que recopilemos y utilicemos su informaci\u00f3n de acuerdo con esta [&hellip;]\" \/>\n<meta property=\"og:url\" content=\"https:\/\/novara.ee\/es\/politica-de-privacidad\/\" \/>\n<meta property=\"og:site_name\" content=\"Novara\" \/>\n<meta property=\"article:modified_time\" content=\"2022-12-09T13:33:16+00:00\" \/>\n<meta name=\"twitter:card\" content=\"summary_large_image\" \/>\n<meta name=\"twitter:label1\" content=\"Tiempo de lectura\" \/>\n\t<meta name=\"twitter:data1\" content=\"10 minutos\" \/>\n<script type=\"application\/ld+json\" class=\"yoast-schema-graph\">{\"@context\":\"https:\\\/\\\/schema.org\",\"@graph\":[{\"@type\":\"WebPage\",\"@id\":\"https:\\\/\\\/novara.ee\\\/es\\\/politica-de-privacidad\\\/\",\"url\":\"https:\\\/\\\/novara.ee\\\/es\\\/politica-de-privacidad\\\/\",\"name\":\"Pol\u00edtica de privacidad - Novara\",\"isPartOf\":{\"@id\":\"https:\\\/\\\/novara.ee\\\/#website\"},\"datePublished\":\"2022-06-17T12:22:38+00:00\",\"dateModified\":\"2022-12-09T13:33:16+00:00\",\"breadcrumb\":{\"@id\":\"https:\\\/\\\/novara.ee\\\/es\\\/politica-de-privacidad\\\/#breadcrumb\"},\"inLanguage\":\"es\",\"potentialAction\":[{\"@type\":\"ReadAction\",\"target\":[\"https:\\\/\\\/novara.ee\\\/es\\\/politica-de-privacidad\\\/\"]}]},{\"@type\":\"BreadcrumbList\",\"@id\":\"https:\\\/\\\/novara.ee\\\/es\\\/politica-de-privacidad\\\/#breadcrumb\",\"itemListElement\":[{\"@type\":\"ListItem\",\"position\":1,\"name\":\"Home\",\"item\":\"https:\\\/\\\/novara.ee\\\/\"},{\"@type\":\"ListItem\",\"position\":2,\"name\":\"Pol\u00edtica de privacidad\"}]},{\"@type\":\"WebSite\",\"@id\":\"https:\\\/\\\/novara.ee\\\/#website\",\"url\":\"https:\\\/\\\/novara.ee\\\/\",\"name\":\"Novara\",\"description\":\"Puitbriketi ja pelleti m&uuml;&uuml;k\",\"publisher\":{\"@id\":\"https:\\\/\\\/novara.ee\\\/#organization\"},\"potentialAction\":[{\"@type\":\"SearchAction\",\"target\":{\"@type\":\"EntryPoint\",\"urlTemplate\":\"https:\\\/\\\/novara.ee\\\/?s={search_term_string}\"},\"query-input\":{\"@type\":\"PropertyValueSpecification\",\"valueRequired\":true,\"valueName\":\"search_term_string\"}}],\"inLanguage\":\"es\"},{\"@type\":\"Organization\",\"@id\":\"https:\\\/\\\/novara.ee\\\/#organization\",\"name\":\"Novara\",\"url\":\"https:\\\/\\\/novara.ee\\\/\",\"logo\":{\"@type\":\"ImageObject\",\"inLanguage\":\"es\",\"@id\":\"https:\\\/\\\/novara.ee\\\/#\\\/schema\\\/logo\\\/image\\\/\",\"url\":\"https:\\\/\\\/novara.ee\\\/wp-content\\\/uploads\\\/2022\\\/06\\\/horiz-03.png\",\"contentUrl\":\"https:\\\/\\\/novara.ee\\\/wp-content\\\/uploads\\\/2022\\\/06\\\/horiz-03.png\",\"width\":580,\"height\":150,\"caption\":\"Novara\"},\"image\":{\"@id\":\"https:\\\/\\\/novara.ee\\\/#\\\/schema\\\/logo\\\/image\\\/\"}}]}<\/script>\n<!-- \/ Yoast SEO plugin. -->","yoast_head_json":{"title":"Pol\u00edtica de privacidad - Novara","robots":{"index":"index","follow":"follow","max-snippet":"max-snippet:-1","max-image-preview":"max-image-preview:large","max-video-preview":"max-video-preview:-1"},"canonical":"https:\/\/novara.ee\/es\/politica-de-privacidad\/","og_locale":"es_ES","og_type":"article","og_title":"Pol\u00edtica de privacidad - Novara","og_description":"Pol\u00edtica de privacidad Es importante para Novara LLC que respetemos su privacidad y cumplamos todas las leyes y normativas aplicables en relaci\u00f3n con cualquier informaci\u00f3n personal que podamos recopilar sobre usted cuando visite nuestro sitio web en www.luxhut.eu. Al utilizar nuestro sitio web, usted acepta que recopilemos y utilicemos su informaci\u00f3n de acuerdo con esta [&hellip;]","og_url":"https:\/\/novara.ee\/es\/politica-de-privacidad\/","og_site_name":"Novara","article_modified_time":"2022-12-09T13:33:16+00:00","twitter_card":"summary_large_image","twitter_misc":{"Tiempo de lectura":"10 minutos"},"schema":{"@context":"https:\/\/schema.org","@graph":[{"@type":"WebPage","@id":"https:\/\/novara.ee\/es\/politica-de-privacidad\/","url":"https:\/\/novara.ee\/es\/politica-de-privacidad\/","name":"Pol\u00edtica de privacidad - Novara","isPartOf":{"@id":"https:\/\/novara.ee\/#website"},"datePublished":"2022-06-17T12:22:38+00:00","dateModified":"2022-12-09T13:33:16+00:00","breadcrumb":{"@id":"https:\/\/novara.ee\/es\/politica-de-privacidad\/#breadcrumb"},"inLanguage":"es","potentialAction":[{"@type":"ReadAction","target":["https:\/\/novara.ee\/es\/politica-de-privacidad\/"]}]},{"@type":"BreadcrumbList","@id":"https:\/\/novara.ee\/es\/politica-de-privacidad\/#breadcrumb","itemListElement":[{"@type":"ListItem","position":1,"name":"Home","item":"https:\/\/novara.ee\/"},{"@type":"ListItem","position":2,"name":"Pol\u00edtica de privacidad"}]},{"@type":"WebSite","@id":"https:\/\/novara.ee\/#website","url":"https:\/\/novara.ee\/","name":"Novara","description":"Puitbriketi ja pelleti m&uuml;&uuml;k","publisher":{"@id":"https:\/\/novara.ee\/#organization"},"potentialAction":[{"@type":"SearchAction","target":{"@type":"EntryPoint","urlTemplate":"https:\/\/novara.ee\/?s={search_term_string}"},"query-input":{"@type":"PropertyValueSpecification","valueRequired":true,"valueName":"search_term_string"}}],"inLanguage":"es"},{"@type":"Organization","@id":"https:\/\/novara.ee\/#organization","name":"Novara","url":"https:\/\/novara.ee\/","logo":{"@type":"ImageObject","inLanguage":"es","@id":"https:\/\/novara.ee\/#\/schema\/logo\/image\/","url":"https:\/\/novara.ee\/wp-content\/uploads\/2022\/06\/horiz-03.png","contentUrl":"https:\/\/novara.ee\/wp-content\/uploads\/2022\/06\/horiz-03.png","width":580,"height":150,"caption":"Novara"},"image":{"@id":"https:\/\/novara.ee\/#\/schema\/logo\/image\/"}}]}},"_links":{"self":[{"href":"https:\/\/novara.ee\/es\/wp-json\/wp\/v2\/pages\/1531","targetHints":{"allow":["GET"]}}],"collection":[{"href":"https:\/\/novara.ee\/es\/wp-json\/wp\/v2\/pages"}],"about":[{"href":"https:\/\/novara.ee\/es\/wp-json\/wp\/v2\/types\/page"}],"author":[{"embeddable":true,"href":"https:\/\/novara.ee\/es\/wp-json\/wp\/v2\/users\/1"}],"replies":[{"embeddable":true,"href":"https:\/\/novara.ee\/es\/wp-json\/wp\/v2\/comments?post=1531"}],"version-history":[{"count":7,"href":"https:\/\/novara.ee\/es\/wp-json\/wp\/v2\/pages\/1531\/revisions"}],"predecessor-version":[{"id":1538,"href":"https:\/\/novara.ee\/es\/wp-json\/wp\/v2\/pages\/1531\/revisions\/1538"}],"wp:attachment":[{"href":"https:\/\/novara.ee\/es\/wp-json\/wp\/v2\/media?parent=1531"}],"curies":[{"name":"wp","href":"https:\/\/api.w.org\/{rel}","templated":true}]}}