{"id":1515,"date":"2022-06-17T12:22:38","date_gmt":"2022-06-17T12:22:38","guid":{"rendered":"https:\/\/novara.ee\/politique-de-confidentialite\/"},"modified":"2022-12-09T13:32:26","modified_gmt":"2022-12-09T13:32:26","slug":"politique-de-confidentialite","status":"publish","type":"page","link":"https:\/\/novara.ee\/fr\/politique-de-confidentialite\/","title":{"rendered":"Politique de confidentialit\u00e9"},"content":{"rendered":"\t\t<div data-elementor-type=\"wp-page\" data-elementor-id=\"1515\" class=\"elementor elementor-1515 elementor-3\" data-elementor-post-type=\"page\">\n\t\t\t\t\t\t<section class=\"elementor-section elementor-top-section elementor-element elementor-element-39375c78 elementor-section-boxed elementor-section-height-default elementor-section-height-default\" data-id=\"39375c78\" data-element_type=\"section\" data-e-type=\"section\">\n\t\t\t\t\t\t<div class=\"elementor-container elementor-column-gap-default\">\n\t\t\t\t\t<div class=\"elementor-column elementor-col-100 elementor-top-column elementor-element elementor-element-756d715\" data-id=\"756d715\" data-element_type=\"column\" data-e-type=\"column\">\n\t\t\t<div class=\"elementor-widget-wrap elementor-element-populated\">\n\t\t\t\t\t\t<div class=\"elementor-element elementor-element-5a3c6d9 elementor-invisible elementor-widget elementor-widget-heading\" data-id=\"5a3c6d9\" data-element_type=\"widget\" data-e-type=\"widget\" data-settings=\"{&quot;_animation&quot;:&quot;fadeInUp&quot;}\" data-widget_type=\"heading.default\">\n\t\t\t\t<div class=\"elementor-widget-container\">\n\t\t\t\t\t<h1 class=\"elementor-heading-title elementor-size-default\">Politique de confidentialit\u00e9<\/h1>\t\t\t\t<\/div>\n\t\t\t\t<\/div>\n\t\t\t\t<div class=\"elementor-element elementor-element-33db1c03 animated-slow elementor-invisible elementor-widget elementor-widget-text-editor\" data-id=\"33db1c03\" data-element_type=\"widget\" data-e-type=\"widget\" data-settings=\"{&quot;_animation&quot;:&quot;fadeIn&quot;}\" data-widget_type=\"text-editor.default\">\n\t\t\t\t<div class=\"elementor-widget-container\">\n\t\t\t\t\t\t\t\t\t\n<p>Il est important pour Novara LLC de respecter votre vie priv\u00e9e et de se conformer \u00e0 toutes les lois et r\u00e9glementations en vigueur concernant les informations personnelles que nous pouvons recueillir \u00e0 votre sujet lorsque vous visitez notre site web \u00e0 l&rsquo;adresse <a href=\"https:\/\/www.luxhut.eu\">www.luxhut.eu.<\/a> En utilisant notre site web, vous acceptez que nous recueillions et utilisions vos informations conform\u00e9ment \u00e0 la pr\u00e9sente politique de confidentialit\u00e9.<\/p>\n<p>Avec cette politique de confidentialit\u00e9, nous voulons vous expliquer quelles sont les donn\u00e9es que nous collectons, comment nous les utilisons et quels sont vos droits pour prot\u00e9ger vos donn\u00e9es. Cette politique s&rsquo;applique uniquement \u00e0 notre site web et \u00e0 ses visiteurs et ne s&rsquo;applique pas aux donn\u00e9es collect\u00e9es par d&rsquo;autres canaux.<\/p>\n<p>Votre contr\u00f4leur de donn\u00e9es est Novara O\u00dc<\/p>\n<p>num\u00e9ro d&rsquo;immatriculation de la soci\u00e9t\u00e9 num\u00e9ro : 10975056<\/p>\n<p>Courriel : luxhut@gmail.com<\/p>\n<p>num\u00e9ro de t\u00e9l\u00e9phone : 4594648<\/p>\n<p>Nous collectons et traitons les informations conform\u00e9ment au r\u00e8glement g\u00e9n\u00e9ral de l&rsquo;UE sur la protection des donn\u00e9es (RGPD), qui est entr\u00e9 en vigueur le 25.05.2018.<\/p>\n<h3>Collecte et utilisation des donn\u00e9es<\/h3>\n<h4>Les donn\u00e9es que nous collectons<\/h4>\n<p>Les informations que nous recueillons comprennent les informations que vous nous fournissez sciemment et activement lorsque vous utilisez ou participez \u00e0 nos services ou promotions, ainsi que les informations que vos appareils nous envoient lorsque vous acc\u00e9dez \u00e0 nos produits et services.<\/p>\n<p>Les informations que nous recueillons comprennent les informations que vous avez sciemment partag\u00e9es avec nous lorsque vous utilisez nos services ou nos promotions, ainsi que les informations que vos appareils nous transmettent automatiquement.<\/p>\n<p>Vos informations personnelles peuvent nous parvenir par les moyens suivants :<\/p>\n<ul>\n<li>Lorsque vous nous contactez par t\u00e9l\u00e9phone, par courriel ou par chat en ligne.<\/li>\n<li>Si vous naviguez sur <a href=\"https:\/\/www.luxhut.eu\">www.luxhut.eu<\/a><\/li>\n<li>Si vous commentez, aimez ou partagez l&rsquo;un de nos articles sur notre compte de m\u00e9dias sociaux.<\/li>\n<li>Lorsque vous vous inscrivez \u00e0 notre newsletter<\/li>\n<li>Lorsque vous commentez des articles sur notre site web<\/li>\n<\/ul>\n<h4>Types de donn\u00e9es \u00e0 collecter<\/h4>\n<h4>Donn\u00e9es personnelles<\/h4>\n<p>Nous ne vous demanderons des informations personnelles que si elles sont n\u00e9cessaires pour vous fournir le service. En nous contactant ou en visitant notre site web, vous pouvez partager avec nous les informations suivantes :<\/p>\n<ul>\n<li>Pr\u00e9nom et nom de famille<\/li>\n<li>Adresse \u00e9lectronique<\/li>\n<li>Num\u00e9ro de t\u00e9l\u00e9phone<\/li>\n<li>Historique des conversations entre vous et nous<\/li>\n<li>Informations sur votre navigateur web et votre adresse IP<\/li>\n<\/ul>\n<h4>Fichiers journaux<\/h4>\n<p>Notre site web <a href=\"https:\/\/www.luxhut.eu\">www.luxhut.eu<\/a> stocke des fichiers journaux sur ses visiteurs. Les informations recueillies peuvent inclure :<\/p>\n<ul>\n<li>Type d&rsquo;appareil utilis\u00e9<\/li>\n<li>Adresse de protocole Internet (IP)<\/li>\n<li>type de navigateur<\/li>\n<li>Fournisseur de services Internet (ISP)<\/li>\n<li>Date et heure de votre visite sur le site web<\/li>\n<li>Nombre de clics sur la page d&rsquo;entr\u00e9e et de sortie du site web<\/li>\n<\/ul>\n<p>Les informations contenues dans les fichiers journaux sont utilis\u00e9es pour analyser les tendances, administrer le site web, surveiller les activit\u00e9s des visiteurs du site et recueillir des informations d\u00e9mographiques. Les informations obtenues ne sont pas destin\u00e9es \u00e0, et ne permettent pas d&rsquo;identifier un individu.<\/p>\n<h4>Cookies<\/h4>\n<p>Comme la plupart des sites web, <a href=\"https:\/\/www.luxhut.eu\">www.luxhut.eu<\/a> utilise des \u00ab\u00a0cookies\u00a0\u00bb. Un cookie est essentiellement un fichier texte qui est stock\u00e9 sur l&rsquo;appareil de l&rsquo;utilisateur lorsqu&rsquo;il visite un site web. Les cookies sont utilis\u00e9s pour d\u00e9finir et stocker les pr\u00e9f\u00e9rences, les param\u00e8tres r\u00e9gionaux, les options d&rsquo;utilisation des services, etc.<\/p>\n<p>Si vous le souhaitez, vous pouvez d\u00e9sactiver l&rsquo;utilisation des cookies dans les param\u00e8tres de votre navigateur, mais dans ce cas, le service que vous recevez peut \u00eatre perturb\u00e9.<\/p>\n<p>Les cookies sont divis\u00e9s en cookies permanents et en cookies de session. Les cookies persistants restent sur votre PC ou votre appareil mobile m\u00eame apr\u00e8s la fermeture de votre navigateur ou de votre ordinateur. Toutefois, les cookies de session sont supprim\u00e9s imm\u00e9diatement apr\u00e8s la fermeture du navigateur.<\/p>\n<p>Les cookies sont divis\u00e9s en fonction de leur objectif :<\/p>\n<p><b>Cookies n\u00e9cessaires.<\/b>  Les cookies de session, dont l&rsquo;objectif est de vous permettre d&rsquo;utiliser les services propos\u00e9s sur notre site web. Ces cookies permettent d&rsquo;authentifier les utilisateurs et d&#8217;emp\u00eacher toute utilisation malveillante des comptes d&rsquo;utilisateurs. Sans ces cookies, nous ne pouvons pas vous fournir les services que vous avez demand\u00e9s.<\/p>\n<p><b>Cookies de notification.<\/b>  Ces cookies identifient si les utilisateurs ont accept\u00e9 l&rsquo;utilisation de cookies sur le site web.<\/p>\n<p><b>Cookies de fonctionnalit\u00e9.<\/b>  Ces cookies permettent \u00e0 votre navigateur de se souvenir des choix que vous faites lorsque vous utilisez un site web, comme le stockage de vos donn\u00e9es de connexion ou de vos pr\u00e9f\u00e9rences linguistiques. L&rsquo;objectif de ces cookies est de vous offrir une exp\u00e9rience plus personnalis\u00e9e et de vous \u00e9viter de saisir \u00e0 nouveau vos pr\u00e9f\u00e9rences.<\/p>\n<h4>Comment nous utilisons les donn\u00e9es<\/h4>\n<p>Nous pouvons utiliser les informations recueillies \u00e0 des fins diverses, notamment :<\/p>\n<ul>\n<li>Pour maintenir, g\u00e9rer, d\u00e9velopper, personnaliser et \u00e9tendre notre site web.<\/li>\n<li>Pour recueillir des statistiques afin de pouvoir fournir de meilleurs services et\/ou offres et pour comprendre et analyser le comportement des visiteurs de notre site web.<\/li>\n<li>Vous identifier par t\u00e9l\u00e9phone, par SMS ou par e-mail.<\/li>\n<li>vous envoyer des informations et vous demander votre avis sur nos services.<\/li>\n<li>Pour pr\u00e9venir la fraude et prot\u00e9ger notre site web<\/li>\n<li>Pour nous permettre de rester en contact avec vous par le biais de votre compte de m\u00e9dias sociaux.<\/li>\n<li>Permettre la lecture de l&rsquo;historique des chats pour acc\u00e9l\u00e9rer la fourniture de conseils pertinents.<\/li>\n<li>Dans le but d&rsquo;am\u00e9liorer la qualit\u00e9 de notre service et de fournir des solutions de navigation plus efficaces.<\/li>\n<li>Pour d\u00e9velopper de nouveaux produits et services ou am\u00e9liorer leur fonctionnalit\u00e9.<\/li>\n<li>Pour simplifier et acc\u00e9l\u00e9rer les interactions entre nous, lorsque vous nous contactez.<\/li>\n<li>\u00c0 d&rsquo;autres fins. Par exemple, pour analyser les donn\u00e9es, \u00e9tudier les tendances, \u00e9valuer l&rsquo;efficacit\u00e9 de nos campagnes publicitaires.<\/li>\n<\/ul>\n<h4>Dans quels cas pouvons-nous partager vos donn\u00e9es avec.<\/h4>\n<ul>\n<li>Nous pouvons partager ou transf\u00e9rer vos informations personnelles dans le cadre d&rsquo;un changement de propri\u00e9t\u00e9, d&rsquo;une fusion, d&rsquo;une vente d&rsquo;actifs, d&rsquo;un financement ou d&rsquo;une acquisition de notre entreprise. Nous vous informerons lorsque vos donn\u00e9es personnelles seront transf\u00e9r\u00e9es et lorsqu&rsquo;elles seront soumises aux dispositions d&rsquo;une autre politique de confidentialit\u00e9.<\/li>\n<li>Nous pouvons partager vos informations avec nos entreprises partenaires en leur demandant de se conformer \u00e0 la pr\u00e9sente politique de confidentialit\u00e9. Les soci\u00e9t\u00e9s partenaires comprennent nos soci\u00e9t\u00e9s m\u00e8res, nos filiales, nos partenaires de coentreprises ou les soci\u00e9t\u00e9s que nous poss\u00e9dons.<\/li>\n<li>Nous pouvons partager vos informations avec nos partenaires commerciaux afin de vous offrir certains produits, services ou promotions.<\/li>\n<li>Nous pouvons divulguer vos informations personnelles \u00e0 toute autre fin avec votre consentement.<\/li>\n<li>Nous sommes oblig\u00e9s de divulguer vos donn\u00e9es personnelles si la loi nous y oblige. Nous pouvons \u00e9galement divulguer vos informations en toute bonne foi pour nous conformer \u00e0 une obligation l\u00e9gale, pour prot\u00e9ger nos droits ou notre propri\u00e9t\u00e9, pour pr\u00e9venir ou d\u00e9tecter des violations potentielles de la loi li\u00e9es \u00e0 votre utilisation de notre service, et pour assurer la s\u00e9curit\u00e9 des utilisateurs de notre service.<\/li>\n<\/ul>\n<h4>Stockage de vos donn\u00e9es personnelles<\/h4>\n<p>La soci\u00e9t\u00e9 ne conservera vos donn\u00e9es personnelles que pendant la dur\u00e9e n\u00e9cessaire aux fins \u00e9nonc\u00e9es dans la pr\u00e9sente politique de confidentialit\u00e9. Nous conserverons et utiliserons vos informations personnelles dans la mesure o\u00f9 cela est n\u00e9cessaire pour nous conformer \u00e0 nos obligations l\u00e9gales (par exemple, lorsque nous devons conserver vos informations pour nous conformer aux lois applicables), pour r\u00e9soudre des litiges et pour faire respecter nos accords juridiques et nos politiques.<\/p>\n<p>La soci\u00e9t\u00e9 conserve \u00e9galement des fichiers journaux \u00e0 des fins d&rsquo;analyse interne. Les fichiers journaux sont g\u00e9n\u00e9ralement conserv\u00e9s pendant une p\u00e9riode plus courte, sauf si les donn\u00e9es sont utilis\u00e9es pour renforcer la s\u00e9curit\u00e9 ou am\u00e9liorer la fonctionnalit\u00e9 de notre service, ou si nous sommes tenus par la loi de conserver les donn\u00e9es pendant une p\u00e9riode plus longue.<\/p>\n<h4>Traitement des donn\u00e9es relatives aux enfants<\/h4>\n<p>Aucun de nos produits ou services ne s&rsquo;adresse aux enfants de moins de 13 ans, et nous ne collectons pas sciemment d&rsquo;informations aupr\u00e8s d&rsquo;enfants de moins de 13 ans. Si nous soup\u00e7onnons que nous traitons des informations concernant une personne \u00e2g\u00e9e de moins de 13 ans, nous supprimerons cette personne de toutes nos bases de donn\u00e9es.<\/p>\n<h4>Vos droits pour prot\u00e9ger vos donn\u00e9es<\/h4>\n<p>Vous avez toujours le droit de ne pas partager vos informations avec nous, sachant que cela peut affecter votre exp\u00e9rience sur notre site web. Si vous choisissez de ne pas partager vos donn\u00e9es avec nous, nous ne vous traiterons pas moins favorablement. Lorsque vous nous fournissez des informations personnelles, vous comprenez que nous les collecterons, les stockerons, les utiliserons et les divulguerons conform\u00e9ment \u00e0 la pr\u00e9sente politique de confidentialit\u00e9. Vous avez le droit de demander des d\u00e9tails sur les donn\u00e9es que nous recueillons \u00e0 votre sujet.<\/p>\n<p>Lorsque nous recevons des informations personnelles vous concernant de la part d&rsquo;un tiers, nous les prot\u00e9geons conform\u00e9ment \u00e0 la pr\u00e9sente politique de confidentialit\u00e9 et \u00e0 la loi de la R\u00e9publique d&rsquo;Estonie. Si vous partagez vous-m\u00eame les donn\u00e9es de tiers, vous confirmez que vous avez le droit et l&rsquo;autorisation de le faire.<\/p>\n<p>M\u00eame si vous avez pr\u00e9c\u00e9demment consenti \u00e0 ce que nous partagions vos informations personnelles \u00e0 des fins de marketing, vous conservez le droit de changer d&rsquo;avis \u00e0 tout moment. Vous avez toujours le droit de refuser de communiquer avec nous et de demander que nous supprimions vos donn\u00e9es de nos bases de donn\u00e9es. De temps \u00e0 autre, nous pouvons \u00e9galement vous demander des informations vous concernant afin de confirmer votre identit\u00e9. Si vous pensez que les informations que nous avons recueillies \u00e0 votre sujet sont inexactes, p\u00e9rim\u00e9es, incompl\u00e8tes, non pertinentes ou trompeuses, veuillez nous contacter par courrier \u00e9lectronique : luxhut@gmail.com ou par t\u00e9l\u00e9phone : 4594648. Nous ferons tout notre possible pour corriger les informations inexactes, incompl\u00e8tes, trompeuses ou p\u00e9rim\u00e9es.<\/p>\n<p>Si vous pensez que nous avons enfreint la loi sur la protection des donn\u00e9es et que vous souhaitez d\u00e9poser une plainte, veuillez nous contacter en utilisant les coordonn\u00e9es fournies dans ce document et nous fournir tous les d\u00e9tails de l&rsquo;infraction. Nous examinerons rapidement votre plainte et vous r\u00e9pondrons par \u00e9crit, en exposant les r\u00e9sultats de notre enqu\u00eate et les mesures que nous prendrons pour r\u00e9soudre votre plainte. Vous avez \u00e9galement le droit de contacter un r\u00e9gulateur ou une autorit\u00e9 de protection des donn\u00e9es.<\/p>\n<h4>Droits de protection des donn\u00e9es GDPR<\/h4>\n<p>Nous voulons nous assurer que vous connaissez tous vos droits en mati\u00e8re de protection des donn\u00e9es. Chaque utilisateur du site b\u00e9n\u00e9ficie des conditions suivantes :<\/p>\n<ul>\n<li>Droit d&rsquo;acc\u00e8s &#8211; vous avez le droit de demander des copies de vos donn\u00e9es personnelles.<\/li>\n<li>Droit de rectification &#8211; vous avez le droit de nous demander de rectifier des donn\u00e9es que vous jugez inexactes. Vous avez \u00e9galement le droit de nous demander de compl\u00e9ter les informations qui vous semblent incompl\u00e8tes.<\/li>\n<li>Droit d&rsquo;effacement &#8211; sous certaines conditions, vous avez le droit de demander l&rsquo;effacement de vos donn\u00e9es personnelles.<\/li>\n<li>Droit \u00e0 la restriction du traitement &#8211; Dans certaines conditions, vous avez le droit de demander la restriction de l&rsquo;utilisation de vos donn\u00e9es personnelles.<\/li>\n<li>Droit d&rsquo;opposition \u00e0 l&rsquo;utilisation de vos donn\u00e9es personnelles &#8211; Dans certaines conditions, vous avez le droit de vous opposer \u00e0 l&rsquo;utilisation de vos donn\u00e9es personnelles.<\/li>\n<li>Droit \u00e0 la portabilit\u00e9 des donn\u00e9es &#8211; Sous certaines conditions, vous avez le droit de nous demander de transf\u00e9rer les donn\u00e9es que nous collectons \u00e0 un tiers ou directement \u00e0 vous.<\/li>\n<\/ul>\n<h4>S\u00e9curit\u00e9 de vos donn\u00e9es<\/h4>\n<p>La s\u00e9curit\u00e9 de vos informations personnelles est importante pour nous, mais n&rsquo;oubliez pas qu&rsquo;aucune m\u00e9thode d&rsquo;\u00e9change d&rsquo;informations sur Internet ou de stockage \u00e9lectronique n&rsquo;est s\u00fbre \u00e0 100 %. Bien que nous fassions de notre mieux pour prot\u00e9ger vos donn\u00e9es, nous ne pouvons pas garantir leur s\u00e9curit\u00e9 totale.<\/p>\n<p>Novara O\u00dc prendra toutes les mesures raisonnablement n\u00e9cessaires pour garantir que vos donn\u00e9es sont trait\u00e9es en toute s\u00e9curit\u00e9 et conform\u00e9ment \u00e0 la pr\u00e9sente politique de confidentialit\u00e9 et \u00e0 la loi de la R\u00e9publique d&rsquo;Estonie. Vos donn\u00e9es ne seront pas transf\u00e9r\u00e9es \u00e0 une organisation ou \u00e0 un pays, \u00e0 moins qu&rsquo;il n&rsquo;y ait une bonne raison et que vos donn\u00e9es soient s\u00e9curis\u00e9es.<\/p>\n<h4>Liens vers d&rsquo;autres sites web<\/h4>\n<p>Sur notre site web, vous pouvez trouver des liens vers d&rsquo;autres sites web qui ne nous appartiennent pas. Lorsque vous cliquez sur un lien tiers, vous \u00eates redirig\u00e9 vers le site de ce tiers. Nous vous recommandons vivement de lire la politique de confidentialit\u00e9 de chaque site que vous visitez.<\/p>\n<p>Nous n&rsquo;avons aucun contr\u00f4le sur les sites de tiers et n&rsquo;acceptons aucune responsabilit\u00e9 quant \u00e0 leur contenu, leurs politiques de confidentialit\u00e9, les services qu&rsquo;ils fournissent ou autres.<\/p>\n<h4>Mises \u00e0 jour de la politique de confidentialit\u00e9<\/h4>\n<p>Nous nous r\u00e9servons le droit d&rsquo;apporter des modifications \u00e0 ce document de politique de confidentialit\u00e9 si n\u00e9cessaire. Lorsque la politique de confidentialit\u00e9 est mise \u00e0 jour, nous modifions la date de mise \u00e0 jour au bas du document. Si vous continuez \u00e0 visiter et \u00e0 utiliser notre site web apr\u00e8s que nous ayons mis \u00e0 jour notre politique de confidentialit\u00e9, nous consid\u00e9rerons cela comme votre consentement implicite aux modifications.<\/p>\n<p>Derni\u00e8re modification le 07\/07\/2022<\/p>\n\t\t\t\t\t\t\t\t<\/div>\n\t\t\t\t<\/div>\n\t\t\t\t\t<\/div>\n\t\t<\/div>\n\t\t\t\t\t<\/div>\n\t\t<\/section>\n\t\t\t\t<\/div>\n\t\t","protected":false},"excerpt":{"rendered":"<p>Politique de confidentialit\u00e9 Il est important pour Novara LLC de respecter votre vie priv\u00e9e et de se conformer \u00e0 toutes les lois et r\u00e9glementations en vigueur concernant les informations personnelles que nous pouvons recueillir \u00e0 votre sujet lorsque vous visitez notre site web \u00e0 l&rsquo;adresse www.luxhut.eu. En utilisant notre site web, vous acceptez que nous [&hellip;]<\/p>\n","protected":false},"author":1,"featured_media":0,"parent":0,"menu_order":0,"comment_status":"closed","ping_status":"open","template":"elementor_header_footer","meta":{"footnotes":""},"class_list":["post-1515","page","type-page","status-publish","hentry"],"yoast_head":"<!-- This site is optimized with the Yoast SEO plugin v27.4 - https:\/\/yoast.com\/product\/yoast-seo-wordpress\/ -->\n<title>Politique de confidentialit\u00e9 - Novara<\/title>\n<meta name=\"robots\" content=\"index, follow, max-snippet:-1, max-image-preview:large, max-video-preview:-1\" \/>\n<link rel=\"canonical\" href=\"https:\/\/novara.ee\/fr\/politique-de-confidentialite\/\" \/>\n<meta property=\"og:locale\" content=\"fr_FR\" \/>\n<meta property=\"og:type\" content=\"article\" \/>\n<meta property=\"og:title\" content=\"Politique de confidentialit\u00e9 - Novara\" \/>\n<meta property=\"og:description\" content=\"Politique de confidentialit\u00e9 Il est important pour Novara LLC de respecter votre vie priv\u00e9e et de se conformer \u00e0 toutes les lois et r\u00e9glementations en vigueur concernant les informations personnelles que nous pouvons recueillir \u00e0 votre sujet lorsque vous visitez notre site web \u00e0 l&rsquo;adresse www.luxhut.eu. En utilisant notre site web, vous acceptez que nous [&hellip;]\" \/>\n<meta property=\"og:url\" content=\"https:\/\/novara.ee\/fr\/politique-de-confidentialite\/\" \/>\n<meta property=\"og:site_name\" content=\"Novara\" \/>\n<meta property=\"article:modified_time\" content=\"2022-12-09T13:32:26+00:00\" \/>\n<meta name=\"twitter:card\" content=\"summary_large_image\" \/>\n<meta name=\"twitter:label1\" content=\"Dur\u00e9e de lecture estim\u00e9e\" \/>\n\t<meta name=\"twitter:data1\" content=\"11 minutes\" \/>\n<script type=\"application\/ld+json\" class=\"yoast-schema-graph\">{\"@context\":\"https:\\\/\\\/schema.org\",\"@graph\":[{\"@type\":\"WebPage\",\"@id\":\"https:\\\/\\\/novara.ee\\\/fr\\\/politique-de-confidentialite\\\/\",\"url\":\"https:\\\/\\\/novara.ee\\\/fr\\\/politique-de-confidentialite\\\/\",\"name\":\"Politique de confidentialit\u00e9 - Novara\",\"isPartOf\":{\"@id\":\"https:\\\/\\\/novara.ee\\\/#website\"},\"datePublished\":\"2022-06-17T12:22:38+00:00\",\"dateModified\":\"2022-12-09T13:32:26+00:00\",\"breadcrumb\":{\"@id\":\"https:\\\/\\\/novara.ee\\\/fr\\\/politique-de-confidentialite\\\/#breadcrumb\"},\"inLanguage\":\"fr-FR\",\"potentialAction\":[{\"@type\":\"ReadAction\",\"target\":[\"https:\\\/\\\/novara.ee\\\/fr\\\/politique-de-confidentialite\\\/\"]}]},{\"@type\":\"BreadcrumbList\",\"@id\":\"https:\\\/\\\/novara.ee\\\/fr\\\/politique-de-confidentialite\\\/#breadcrumb\",\"itemListElement\":[{\"@type\":\"ListItem\",\"position\":1,\"name\":\"Home\",\"item\":\"https:\\\/\\\/novara.ee\\\/\"},{\"@type\":\"ListItem\",\"position\":2,\"name\":\"Politique de confidentialit\u00e9\"}]},{\"@type\":\"WebSite\",\"@id\":\"https:\\\/\\\/novara.ee\\\/#website\",\"url\":\"https:\\\/\\\/novara.ee\\\/\",\"name\":\"Novara\",\"description\":\"Puitbriketi ja pelleti m&uuml;&uuml;k\",\"publisher\":{\"@id\":\"https:\\\/\\\/novara.ee\\\/#organization\"},\"potentialAction\":[{\"@type\":\"SearchAction\",\"target\":{\"@type\":\"EntryPoint\",\"urlTemplate\":\"https:\\\/\\\/novara.ee\\\/?s={search_term_string}\"},\"query-input\":{\"@type\":\"PropertyValueSpecification\",\"valueRequired\":true,\"valueName\":\"search_term_string\"}}],\"inLanguage\":\"fr-FR\"},{\"@type\":\"Organization\",\"@id\":\"https:\\\/\\\/novara.ee\\\/#organization\",\"name\":\"Novara\",\"url\":\"https:\\\/\\\/novara.ee\\\/\",\"logo\":{\"@type\":\"ImageObject\",\"inLanguage\":\"fr-FR\",\"@id\":\"https:\\\/\\\/novara.ee\\\/#\\\/schema\\\/logo\\\/image\\\/\",\"url\":\"https:\\\/\\\/novara.ee\\\/wp-content\\\/uploads\\\/2022\\\/06\\\/horiz-03.png\",\"contentUrl\":\"https:\\\/\\\/novara.ee\\\/wp-content\\\/uploads\\\/2022\\\/06\\\/horiz-03.png\",\"width\":580,\"height\":150,\"caption\":\"Novara\"},\"image\":{\"@id\":\"https:\\\/\\\/novara.ee\\\/#\\\/schema\\\/logo\\\/image\\\/\"}}]}<\/script>\n<!-- \/ Yoast SEO plugin. -->","yoast_head_json":{"title":"Politique de confidentialit\u00e9 - Novara","robots":{"index":"index","follow":"follow","max-snippet":"max-snippet:-1","max-image-preview":"max-image-preview:large","max-video-preview":"max-video-preview:-1"},"canonical":"https:\/\/novara.ee\/fr\/politique-de-confidentialite\/","og_locale":"fr_FR","og_type":"article","og_title":"Politique de confidentialit\u00e9 - Novara","og_description":"Politique de confidentialit\u00e9 Il est important pour Novara LLC de respecter votre vie priv\u00e9e et de se conformer \u00e0 toutes les lois et r\u00e9glementations en vigueur concernant les informations personnelles que nous pouvons recueillir \u00e0 votre sujet lorsque vous visitez notre site web \u00e0 l&rsquo;adresse www.luxhut.eu. En utilisant notre site web, vous acceptez que nous [&hellip;]","og_url":"https:\/\/novara.ee\/fr\/politique-de-confidentialite\/","og_site_name":"Novara","article_modified_time":"2022-12-09T13:32:26+00:00","twitter_card":"summary_large_image","twitter_misc":{"Dur\u00e9e de lecture estim\u00e9e":"11 minutes"},"schema":{"@context":"https:\/\/schema.org","@graph":[{"@type":"WebPage","@id":"https:\/\/novara.ee\/fr\/politique-de-confidentialite\/","url":"https:\/\/novara.ee\/fr\/politique-de-confidentialite\/","name":"Politique de confidentialit\u00e9 - Novara","isPartOf":{"@id":"https:\/\/novara.ee\/#website"},"datePublished":"2022-06-17T12:22:38+00:00","dateModified":"2022-12-09T13:32:26+00:00","breadcrumb":{"@id":"https:\/\/novara.ee\/fr\/politique-de-confidentialite\/#breadcrumb"},"inLanguage":"fr-FR","potentialAction":[{"@type":"ReadAction","target":["https:\/\/novara.ee\/fr\/politique-de-confidentialite\/"]}]},{"@type":"BreadcrumbList","@id":"https:\/\/novara.ee\/fr\/politique-de-confidentialite\/#breadcrumb","itemListElement":[{"@type":"ListItem","position":1,"name":"Home","item":"https:\/\/novara.ee\/"},{"@type":"ListItem","position":2,"name":"Politique de confidentialit\u00e9"}]},{"@type":"WebSite","@id":"https:\/\/novara.ee\/#website","url":"https:\/\/novara.ee\/","name":"Novara","description":"Puitbriketi ja pelleti m&uuml;&uuml;k","publisher":{"@id":"https:\/\/novara.ee\/#organization"},"potentialAction":[{"@type":"SearchAction","target":{"@type":"EntryPoint","urlTemplate":"https:\/\/novara.ee\/?s={search_term_string}"},"query-input":{"@type":"PropertyValueSpecification","valueRequired":true,"valueName":"search_term_string"}}],"inLanguage":"fr-FR"},{"@type":"Organization","@id":"https:\/\/novara.ee\/#organization","name":"Novara","url":"https:\/\/novara.ee\/","logo":{"@type":"ImageObject","inLanguage":"fr-FR","@id":"https:\/\/novara.ee\/#\/schema\/logo\/image\/","url":"https:\/\/novara.ee\/wp-content\/uploads\/2022\/06\/horiz-03.png","contentUrl":"https:\/\/novara.ee\/wp-content\/uploads\/2022\/06\/horiz-03.png","width":580,"height":150,"caption":"Novara"},"image":{"@id":"https:\/\/novara.ee\/#\/schema\/logo\/image\/"}}]}},"_links":{"self":[{"href":"https:\/\/novara.ee\/fr\/wp-json\/wp\/v2\/pages\/1515","targetHints":{"allow":["GET"]}}],"collection":[{"href":"https:\/\/novara.ee\/fr\/wp-json\/wp\/v2\/pages"}],"about":[{"href":"https:\/\/novara.ee\/fr\/wp-json\/wp\/v2\/types\/page"}],"author":[{"embeddable":true,"href":"https:\/\/novara.ee\/fr\/wp-json\/wp\/v2\/users\/1"}],"replies":[{"embeddable":true,"href":"https:\/\/novara.ee\/fr\/wp-json\/wp\/v2\/comments?post=1515"}],"version-history":[{"count":7,"href":"https:\/\/novara.ee\/fr\/wp-json\/wp\/v2\/pages\/1515\/revisions"}],"predecessor-version":[{"id":1522,"href":"https:\/\/novara.ee\/fr\/wp-json\/wp\/v2\/pages\/1515\/revisions\/1522"}],"wp:attachment":[{"href":"https:\/\/novara.ee\/fr\/wp-json\/wp\/v2\/media?parent=1515"}],"curies":[{"name":"wp","href":"https:\/\/api.w.org\/{rel}","templated":true}]}}